{"id":5564,"date":"2024-09-02T08:05:13","date_gmt":"2024-09-02T06:05:13","guid":{"rendered":"http:\/\/wordpress.p676535.webspaceconfig.de\/impressum\/"},"modified":"2024-12-08T14:59:19","modified_gmt":"2024-12-08T13:59:19","slug":"imprint","status":"publish","type":"page","link":"https:\/\/www.cadelanua.com\/it\/imprint\/","title":{"rendered":"Imprint"},"content":{"rendered":"<div id='av_section_1'  class='avia-section av-av_section-d5a6a7b11f96b92ee017e9bd16aec6fd main_color avia-section-default avia-no-border-styling  avia-builder-el-0  avia-builder-el-no-sibling  avia-bg-style-scroll container_wrap fullsize'  ><div class='container av-section-cont-open' ><main  role=\"main\" itemprop=\"mainContentOfPage\"  class='template-page content  av-content-full alpha units'><div class='post-entry post-entry-type-page post-entry-5564'><div class='entry-content-wrapper clearfix'>\n\n<style type=\"text\/css\" data-created_by=\"avia_inline_auto\" id=\"style-css-av-av_hr-28c90bb1c6ed082eb475bb6ac21b29da\">\n#top .hr.hr-invisible.av-av_hr-28c90bb1c6ed082eb475bb6ac21b29da{\nheight:40px;\n}\n<\/style>\n<div  class='hr av-av_hr-28c90bb1c6ed082eb475bb6ac21b29da hr-invisible  avia-builder-el-1  el_before_av_one_third  avia-builder-el-first  av-mini-hide'><span class='hr-inner '><span class=\"hr-inner-style\"><\/span><\/span><\/div>\n<div  class='flex_column av-av_one_third-46f54a92e82370c88bd61afc244a0ff2 av_one_third  avia-builder-el-2  el_after_av_hr  el_before_av_one_third  first flex_column_div  '     ><section  class='av_textblock_section av-av_textblock-3075de6d7c3e4cfd3ab9952a254a45ef '   itemscope=\"itemscope\" itemtype=\"https:\/\/schema.org\/CreativeWork\" ><div class='avia_textblock'  itemprop=\"text\" ><h1>Imprint<\/h1>\n<\/div><\/section><br \/>\n<section  class='av_textblock_section av-m4fo6v4i-509d395fca9e05b18f50cb2d22f057de '   itemscope=\"itemscope\" itemtype=\"https:\/\/schema.org\/CreativeWork\" ><div class='avia_textblock'  itemprop=\"text\" ><p><strong>Ca dela Nua<\/strong><br \/>\nVia Nova 30-32<br \/>\n25010 Limone sul Garda<\/p>\n<p>T: +39 0365 954419<br \/>\nE-mail: <a rel=\"noopener\">info@cadelanua.com<\/a><br \/>\nPEC: <a rel=\"noopener\">lanua@pec.it<\/a><\/p>\n<p>Partita IVA: 04560480982<br \/>\nCodice SDI: USAL8PV<br \/>\nCIN: IT017089B4QSYQMQUE, IT017089B4FDTMZFCF, IT017089B4WICJM6VJ<\/p>\n<p><strong>Responsabile legale e dei contenuti<\/strong><br \/>\nCa dela Nua SNC di Klara Moravetz &amp; C.<\/p>\n<p><strong>Diritti delle immagini<\/strong><br \/>\nCa dela Nua SNC di Klara Moravetz &amp; C.<br \/>\nFotografie: Agenzia Werbezeit, Alex Filz, Giorgio Zamboni<\/p>\n<p><strong>Design grafico<\/strong><br \/>\nvonKlammsteiner<\/p>\n<p><strong>Design dello schermo e realizzazione<\/strong><br \/>\nAgenzia Werbezeit<br \/>\n<a href=\"http:\/\/www.agentur-werbezeit.com\" target=\"_new\" rel=\"noopener\">www.agentur-werbezeit.com<\/a><\/p>\n<\/div><\/section><\/p><\/div><div  class='flex_column av-av_one_third-4284dbf4000574a157bc8f2c1e6fe895 av_one_third  avia-builder-el-5  el_after_av_one_third  el_before_av_one_third  flex_column_div  '     ><section  class='av_textblock_section av-av_textblock-3075de6d7c3e4cfd3ab9952a254a45ef '   itemscope=\"itemscope\" itemtype=\"https:\/\/schema.org\/CreativeWork\" ><div class='avia_textblock'  itemprop=\"text\" ><p><strong>Esclusione di responsabilit\u00e0<\/strong><\/p>\n<p>Questa esclusione di responsabilit\u00e0 \u00e8 da considerarsi parte integrante dell&#8217;offerta internet dalla quale \u00e8 stato fatto riferimento a questa pagina web. Qualora parti o singole formulazioni di questo testo non dovessero corrispondere, non corrispondano pi\u00f9 o non corrispondano completamente alla normativa vigente, ci\u00f2 non pregiudica il contenuto e la validit\u00e0 delle restanti parti del documento.<\/p>\n<p><strong>Responsabilit\u00e0 per i contenuti di questo sito web<\/strong><\/p>\n<p>I contenuti delle nostre pagine sono stati creati con la massima cura. Tuttavia, non possiamo garantire la correttezza, la completezza e l&#8217;attualit\u00e0 dei contenuti. In qualit\u00e0 di fornitori di servizi, siamo responsabili per i nostri contenuti su queste pagine in conformit\u00e0 con le leggi generali. Non siamo per\u00f2 obbligati a monitorare informazioni trasmesse o archiviate da terzi o a indagare su circostanze che indichino attivit\u00e0 illecite.<\/p>\n<p>Gli obblighi di rimozione o blocco dell&#8217;uso di informazioni in conformit\u00e0 con le leggi generali rimangono invariati. Tuttavia, una responsabilit\u00e0 in tal senso \u00e8 possibile solo a partire dal momento in cui si viene a conoscenza di una concreta violazione della legge. Nel caso in cui venissimo a conoscenza di violazioni legali, rimuoveremo immediatamente tali contenuti.<\/p>\n<\/div><\/section><\/div><div  class='flex_column av-av_one_third-4284dbf4000574a157bc8f2c1e6fe895 av_one_third  avia-builder-el-7  el_after_av_one_third  el_before_av_hr  flex_column_div  '     ><section  class='av_textblock_section av-av_textblock-3075de6d7c3e4cfd3ab9952a254a45ef '   itemscope=\"itemscope\" itemtype=\"https:\/\/schema.org\/CreativeWork\" ><div class='avia_textblock'  itemprop=\"text\" ><p><strong>Responsabilit\u00e0 per i link a siti web di terzi<\/strong><\/p>\n<p>La nostra offerta contiene link a siti web esterni. Non abbiamo alcun controllo sui contenuti di questi siti web esterni. Pertanto, non possiamo assumere alcuna responsabilit\u00e0 per tali contenuti esterni. Il responsabile per i contenuti delle pagine collegate \u00e8 sempre il rispettivo fornitore o gestore del sito. Le pagine collegate sono state controllate al momento del collegamento per verificare eventuali violazioni legali. Al momento del collegamento non sono stati rilevati contenuti illeciti. Tuttavia, un controllo continuo dei contenuti delle pagine collegate non \u00e8 ragionevole senza indicazioni concrete di violazioni legali. In caso di segnalazioni di violazioni, rimuoveremo immediatamente tali link.<\/p>\n<p><strong>Diritto d&#8217;autore<\/strong><\/p>\n<p>I gestori di questo sito web si impegnano a rispettare sempre i diritti d&#8217;autore altrui o a utilizzare opere da loro stessi create o opere libere da licenze. I contenuti e le opere creati dai gestori del sito su questo sito web sono protetti dal diritto d&#8217;autore. I contributi di terzi sono contrassegnati come tali. La duplicazione, modifica, distribuzione e qualsiasi tipo di utilizzo al di fuori dei limiti del diritto d&#8217;autore richiedono il consenso scritto del rispettivo autore o creatore. Download e copie di questo sito sono consentiti solo per uso privato e non commerciale.<\/p>\n<\/div><\/section><\/div>\n<style type=\"text\/css\" data-created_by=\"avia_inline_auto\" id=\"style-css-av-av_hr-34845d761afb33a1886f49460a8819ac\">\n#top .hr.hr-invisible.av-av_hr-34845d761afb33a1886f49460a8819ac{\nheight:20px;\n}\n<\/style>\n<div  class='hr av-av_hr-34845d761afb33a1886f49460a8819ac hr-invisible  avia-builder-el-9  el_after_av_one_third  avia-builder-el-last  av-mini-hide'><span class='hr-inner '><span class=\"hr-inner-style\"><\/span><\/span><\/div>\n\n","protected":false},"excerpt":{"rendered":"","protected":false},"author":3,"featured_media":0,"parent":0,"menu_order":0,"comment_status":"closed","ping_status":"closed","template":"","meta":{"footnotes":""},"class_list":["post-5564","page","type-page","status-publish","hentry"],"yoast_head":"<!-- This site is optimized with the Yoast SEO plugin v27.3 - https:\/\/yoast.com\/product\/yoast-seo-wordpress\/ -->\n<title>Imprint - Ca dela Nua<\/title>\n<meta name=\"description\" content=\"Qui troverete importanti informazioni legali sulla nostra azienda, inclusi i dati di contatto e la dichiarazione di esclusione di responsabilit\u00e0.\" \/>\n<meta name=\"robots\" content=\"index, follow, max-snippet:-1, max-image-preview:large, max-video-preview:-1\" \/>\n<link rel=\"canonical\" href=\"https:\/\/www.cadelanua.com\/it\/imprint\/\" \/>\n<meta property=\"og:locale\" content=\"it_IT\" \/>\n<meta property=\"og:type\" content=\"article\" \/>\n<meta property=\"og:title\" content=\"Imprint - Ca dela Nua\" \/>\n<meta property=\"og:description\" content=\"Qui troverete importanti informazioni legali sulla nostra azienda, inclusi i dati di contatto e la dichiarazione di esclusione di responsabilit\u00e0.\" \/>\n<meta property=\"og:url\" content=\"https:\/\/www.cadelanua.com\/it\/imprint\/\" \/>\n<meta property=\"og:site_name\" content=\"Ca dela Nua\" \/>\n<meta property=\"article:modified_time\" content=\"2024-12-08T13:59:19+00:00\" \/>\n<meta name=\"twitter:card\" content=\"summary_large_image\" \/>\n<meta name=\"twitter:label1\" content=\"Tempo di lettura stimato\" \/>\n\t<meta name=\"twitter:data1\" content=\"3 minuti\" \/>\n<script type=\"application\/ld+json\" class=\"yoast-schema-graph\">{\"@context\":\"https:\\\/\\\/schema.org\",\"@graph\":[{\"@type\":\"WebPage\",\"@id\":\"https:\\\/\\\/www.cadelanua.com\\\/it\\\/imprint\\\/\",\"url\":\"https:\\\/\\\/www.cadelanua.com\\\/it\\\/imprint\\\/\",\"name\":\"Imprint - Ca dela Nua\",\"isPartOf\":{\"@id\":\"https:\\\/\\\/www.cadelanua.com\\\/it\\\/#website\"},\"datePublished\":\"2024-09-02T06:05:13+00:00\",\"dateModified\":\"2024-12-08T13:59:19+00:00\",\"description\":\"Qui troverete importanti informazioni legali sulla nostra azienda, inclusi i dati di contatto e la dichiarazione di esclusione di responsabilit\u00e0.\",\"breadcrumb\":{\"@id\":\"https:\\\/\\\/www.cadelanua.com\\\/it\\\/imprint\\\/#breadcrumb\"},\"inLanguage\":\"it-IT\",\"potentialAction\":[{\"@type\":\"ReadAction\",\"target\":[\"https:\\\/\\\/www.cadelanua.com\\\/it\\\/imprint\\\/\"]}]},{\"@type\":\"BreadcrumbList\",\"@id\":\"https:\\\/\\\/www.cadelanua.com\\\/it\\\/imprint\\\/#breadcrumb\",\"itemListElement\":[{\"@type\":\"ListItem\",\"position\":1,\"name\":\"Startseite\",\"item\":\"https:\\\/\\\/www.cadelanua.com\\\/it\\\/\"},{\"@type\":\"ListItem\",\"position\":2,\"name\":\"Imprint\"}]},{\"@type\":\"WebSite\",\"@id\":\"https:\\\/\\\/www.cadelanua.com\\\/it\\\/#website\",\"url\":\"https:\\\/\\\/www.cadelanua.com\\\/it\\\/\",\"name\":\"Ca dela Nua\",\"description\":\"Luxuri\u00f6se Appartements in Limone sul Garda\",\"potentialAction\":[{\"@type\":\"SearchAction\",\"target\":{\"@type\":\"EntryPoint\",\"urlTemplate\":\"https:\\\/\\\/www.cadelanua.com\\\/it\\\/?s={search_term_string}\"},\"query-input\":{\"@type\":\"PropertyValueSpecification\",\"valueRequired\":true,\"valueName\":\"search_term_string\"}}],\"inLanguage\":\"it-IT\"}]}<\/script>\n<!-- \/ Yoast SEO plugin. -->","yoast_head_json":{"title":"Imprint - Ca dela Nua","description":"Qui troverete importanti informazioni legali sulla nostra azienda, inclusi i dati di contatto e la dichiarazione di esclusione di responsabilit\u00e0.","robots":{"index":"index","follow":"follow","max-snippet":"max-snippet:-1","max-image-preview":"max-image-preview:large","max-video-preview":"max-video-preview:-1"},"canonical":"https:\/\/www.cadelanua.com\/it\/imprint\/","og_locale":"it_IT","og_type":"article","og_title":"Imprint - Ca dela Nua","og_description":"Qui troverete importanti informazioni legali sulla nostra azienda, inclusi i dati di contatto e la dichiarazione di esclusione di responsabilit\u00e0.","og_url":"https:\/\/www.cadelanua.com\/it\/imprint\/","og_site_name":"Ca dela Nua","article_modified_time":"2024-12-08T13:59:19+00:00","twitter_card":"summary_large_image","twitter_misc":{"Tempo di lettura stimato":"3 minuti"},"schema":{"@context":"https:\/\/schema.org","@graph":[{"@type":"WebPage","@id":"https:\/\/www.cadelanua.com\/it\/imprint\/","url":"https:\/\/www.cadelanua.com\/it\/imprint\/","name":"Imprint - Ca dela Nua","isPartOf":{"@id":"https:\/\/www.cadelanua.com\/it\/#website"},"datePublished":"2024-09-02T06:05:13+00:00","dateModified":"2024-12-08T13:59:19+00:00","description":"Qui troverete importanti informazioni legali sulla nostra azienda, inclusi i dati di contatto e la dichiarazione di esclusione di responsabilit\u00e0.","breadcrumb":{"@id":"https:\/\/www.cadelanua.com\/it\/imprint\/#breadcrumb"},"inLanguage":"it-IT","potentialAction":[{"@type":"ReadAction","target":["https:\/\/www.cadelanua.com\/it\/imprint\/"]}]},{"@type":"BreadcrumbList","@id":"https:\/\/www.cadelanua.com\/it\/imprint\/#breadcrumb","itemListElement":[{"@type":"ListItem","position":1,"name":"Startseite","item":"https:\/\/www.cadelanua.com\/it\/"},{"@type":"ListItem","position":2,"name":"Imprint"}]},{"@type":"WebSite","@id":"https:\/\/www.cadelanua.com\/it\/#website","url":"https:\/\/www.cadelanua.com\/it\/","name":"Ca dela Nua","description":"Luxuri\u00f6se Appartements in Limone sul Garda","potentialAction":[{"@type":"SearchAction","target":{"@type":"EntryPoint","urlTemplate":"https:\/\/www.cadelanua.com\/it\/?s={search_term_string}"},"query-input":{"@type":"PropertyValueSpecification","valueRequired":true,"valueName":"search_term_string"}}],"inLanguage":"it-IT"}]}},"_links":{"self":[{"href":"https:\/\/www.cadelanua.com\/it\/wp-json\/wp\/v2\/pages\/5564","targetHints":{"allow":["GET"]}}],"collection":[{"href":"https:\/\/www.cadelanua.com\/it\/wp-json\/wp\/v2\/pages"}],"about":[{"href":"https:\/\/www.cadelanua.com\/it\/wp-json\/wp\/v2\/types\/page"}],"author":[{"embeddable":true,"href":"https:\/\/www.cadelanua.com\/it\/wp-json\/wp\/v2\/users\/3"}],"replies":[{"embeddable":true,"href":"https:\/\/www.cadelanua.com\/it\/wp-json\/wp\/v2\/comments?post=5564"}],"version-history":[{"count":0,"href":"https:\/\/www.cadelanua.com\/it\/wp-json\/wp\/v2\/pages\/5564\/revisions"}],"wp:attachment":[{"href":"https:\/\/www.cadelanua.com\/it\/wp-json\/wp\/v2\/media?parent=5564"}],"curies":[{"name":"wp","href":"https:\/\/api.w.org\/{rel}","templated":true}]}}